{"id":790,"date":"2023-08-16T12:54:49","date_gmt":"2023-08-16T12:54:49","guid":{"rendered":"https:\/\/eticketdominicana.com\/?page_id=790"},"modified":"2024-02-14T10:14:43","modified_gmt":"2024-02-14T10:14:43","slug":"terminos-y-condiciones","status":"publish","type":"page","link":"https:\/\/eticketdominicana.com\/es\/terminos-y-condiciones\/","title":{"rendered":"T\u00e9rminos y Condiciones"},"content":{"rendered":"\n<p>Est\u00e1 utilizando nuestro \u00abServicio\u00bb cada vez que visita nuestro sitio web o realiza una compra con nosotros, y acepta nuestros t\u00e9rminos y condiciones (\u00abT\u00e9rminos y condiciones\u00bb).<\/p>\n\n\n\n<p>Cualquiera que visite el sitio est\u00e1 autom\u00e1ticamente sujeto a los t\u00e9rminos y condiciones.<\/p>\n\n\n\n<p>Los clientes, compradores, navegadores, creadores de contenido y cualquier otra persona que use el sitio entran en esta categor\u00eda.<\/p>\n\n\n\n<p>Los t\u00e9rminos \u00abusted\u00bb y \u00absu\u00bb se refieren a las personas que completan una solicitud en el sitio web para s\u00ed mismos o para otra persona, a la que se hace referencia como el \u00absolicitante\u00bb.<\/p>\n\n\n\n<p>Los t\u00e9rminos \u00abnosotros\u00bb, \u00abnosotros\u00bb y \u00abnuestro\u00bb se utilizan \u00fanicamente para referirse al sitio web en s\u00ed.<\/p>\n\n\n\n<p>Antes de utilizar los servicios de nuestro sitio, le recomendamos encarecidamente que lea nuestros T\u00e9rminos y condiciones.<\/p>\n\n\n\n<p>Ha aceptado autom\u00e1ticamente los T\u00e9rminos y condiciones una vez que ha ingresado a nuestro sitio web.<\/p>\n\n\n\n<p>En caso de que no est\u00e9 de acuerdo con nuestros t\u00e9rminos y condiciones por cualquier motivo, no se le permitir\u00e1 utilizar nuestro sitio web ni ninguno de sus servicios.<\/p>\n\n\n\n<p>La aceptaci\u00f3n se limita expresamente a estos T\u00e9rminos y condiciones si estos T\u00e9rminos y condiciones se consideran una oferta.<\/p>\n\n\n\n<p>Nosotros, \u00abNos\u00bb, \u00abNuestro\u00bb, \u00abAdministrador\u00bb, \u00abProveedor de servicios\u00bb y \u00abla Compa\u00f1\u00eda\u00bb se refieren a nuestro sitio web eticketdominicana.com<\/p>\n\n\n\n<h3 class=\"wp-block-heading\" id=\"about-our-services\"><strong>Sobre nuestros servicios<\/strong><\/h3>\n\n\n\n<p>Nuestro objetivo principal es proporcionar informaci\u00f3n, asistencia y una plataforma para el proceso de solicitud de boletos electr\u00f3nicos de la Rep\u00fablica Dominicana (RD) para los visitantes de la Rep\u00fablica Dominicana.<\/p>\n\n\n\n<p>Contamos con agentes especializados que pueden ayudarlo a obtener informaci\u00f3n precisa sobre el proceso de solicitud y las normas de viaje de RD.<\/p>\n\n\n\n<p>Si se requiere informaci\u00f3n adicional o aclaraci\u00f3n para completar la solicitud, se puede contactar a nuestros agentes por correo electr\u00f3nico.<\/p>\n\n\n\n<p>No habr\u00e1 asesoramiento legal disponible y no estaremos afiliados a ninguna agencia gubernamental.<\/p>\n\n\n\n<p>Si necesita asesoramiento legal en relaci\u00f3n con su solicitud, comun\u00edquese con los servicios legales correspondientes en la forma de un abogado con licencia.<\/p>\n\n\n\n<p>Toda la informaci\u00f3n en nuestro sitio web proviene de fuentes confiables y se basa en informaci\u00f3n p\u00fablica actualizada proporcionada por las autoridades de la Rep\u00fablica Dominicana.<\/p>\n\n\n\n<p>Nuestro sitio web ha sido dise\u00f1ado de tal manera que podr\u00e1 recopilar informaci\u00f3n relevante y precisa de un portal en l\u00ednea con total facilidad.<\/p>\n\n\n\n<p>Sin embargo, cualquier informaci\u00f3n en nuestro sitio solo debe usarse bajo el propio riesgo del usuario.<\/p>\n\n\n\n<p>Comun\u00edquese con el departamento de servicio al cliente si tiene alguna pregunta o inquietud sobre la informaci\u00f3n proporcionada en este sitio web.<\/p>\n\n\n\n<p>Nos esforzamos por tener la informaci\u00f3n m\u00e1s actualizada y precisa posible, y monitoreamos y revisamos peri\u00f3dicamente las nuevas pol\u00edticas y procedimientos gubernamentales.<\/p>\n\n\n\n<h3 class=\"wp-block-heading\" id=\"cookies\"><strong>Cookies<\/strong><\/h3>\n\n\n\n<p>Las cookies son archivos de texto que su computadora de escritorio o dispositivo m\u00f3vil recibe de nosotros.&nbsp;Son espec\u00edficos de la cuenta o del navegador.<\/p>\n\n\n\n<p>Las cookies de sesi\u00f3n son cookies temporales que solo existen mientras su navegador est\u00e1 activo y se eliminan autom\u00e1ticamente cuando el navegador no est\u00e1 abierto.<\/p>\n\n\n\n<p>Las cookies persistentes permanecen en su navegador hasta que las elimine o caduquen.<\/p>\n\n\n\n<p>Visite http:\/\/www.allaboutcookies.org\/ para obtener informaci\u00f3n sobre las cookies.<\/p>\n\n\n\n<p>La Compa\u00f1\u00eda utiliza cookies y tecnolog\u00edas similares, como balizas web y gifs de un solo p\u00edxel.&nbsp;En nuestro sitio se utilizan cookies basadas en sesi\u00f3n pero tambi\u00e9n persistentes.&nbsp;En los dominios administrados por la Compa\u00f1\u00eda y sus socios corporativos y subsidiarias, configuramos y accedemos a nuestras cookies.<\/p>\n\n\n\n<p>Tambi\u00e9n utilizamos cookies de terceros, como Google Analytics.<\/p>\n\n\n\n<p>Para saber que ha iniciado sesi\u00f3n y d\u00f3nde ha iniciado sesi\u00f3n, algunas cookies est\u00e1n asociadas con su cuenta e informaci\u00f3n personal.<\/p>\n\n\n\n<p>Otras cookies no est\u00e1n vinculadas a su cuenta: son \u00fanicas y nos ayudan, entre otros, con la personalizaci\u00f3n y el an\u00e1lisis.<\/p>\n\n\n\n<p>Cuando visita y utiliza los servicios de nuestro sitio web, las cookies se pueden usar para reconocerlo, recordar y almacenar sus preferencias y brindarle una experiencia de uso personalizada que sea consistente con su perfil y preferencias.<\/p>\n\n\n\n<p>Las cookies tambi\u00e9n mejoran la velocidad y la seguridad de sus interacciones.<\/p>\n\n\n\n<figure class=\"wp-block-table\"><table><thead><tr><td><strong>Categor\u00edas de Uso<\/strong><\/td><td><strong>Descripci\u00f3n<\/strong><\/td><\/tr><\/thead><tbody><tr><td>Autenticaci\u00f3n<\/td><td>Las cookies ayudan a proporcionar la informaci\u00f3n y la experiencia de uso correctas si ha iniciado sesi\u00f3n en nuestros Servicios.<\/td><\/tr><tr><td>Seguridad<\/td><td>Las cookies se utilizan para permitir y respaldar las caracter\u00edsticas de seguridad, as\u00ed como para ayudar en la detecci\u00f3n de actividades maliciosas.<\/td><\/tr><tr><td>Preferencias, caracter\u00edsticas y servicios<\/td><td>Las cookies pueden decirnos qu\u00e9 idioma prefiere y c\u00f3mo prefiere comunicarse.&nbsp;Pueden facilitarle el llenado de formularios en nuestros sitios web.&nbsp;Tambi\u00e9n le ofrecen funciones, informaci\u00f3n y contenido personalizado.<\/td><\/tr><tr><td>Marketing<\/td><td>Las cookies se pueden utilizar para ayudar en la entrega de campa\u00f1as de marketing y el seguimiento de su eficacia (por ejemplo, un usuario visit\u00f3 nuestro Centro de ayuda y luego realiz\u00f3 una compra).&nbsp;Adem\u00e1s, nuestros socios pueden usar cookies para brindarnos informaci\u00f3n sobre las experiencias con sus servicios, pero su uso est\u00e1 sujeto a las pol\u00edticas del proveedor del servicio.&nbsp;Las cookies se pueden utilizar para ayudar en la entrega de campa\u00f1as de marketing y el seguimiento de su eficacia.&nbsp;De manera similar, nuestros socios pueden usar cookies para brindarnos informaci\u00f3n sobre sus experiencias con sus servicios, pero su uso se regir\u00e1 por las pol\u00edticas del proveedor del servicio.<\/td><\/tr><tr><td>Rendimiento, an\u00e1lisis e investigaci\u00f3n<\/td><td>Las cookies nos ayudan a determinar la efectividad de nuestro sitio web y servicios.&nbsp;Tambi\u00e9n utilizamos cookies para comprender, desarrollar y estudiar mejor productos, funciones y servicios, as\u00ed como para realizar un seguimiento de los dispositivos a los que accede o ha accedido a nuestros sitios web y servicios, como su computadora de trabajo o dispositivo m\u00f3vil.<\/td><\/tr><\/tbody><\/table><\/figure>\n\n\n\n<p>Las cookies y otras tecnolog\u00edas publicitarias como balizas, p\u00edxeles y etiquetas nos ayudan a anunciar a los usuarios que nosotros y nuestros socios creemos que pueden estar interesados \u200b\u200ben la Compa\u00f1\u00eda de manera m\u00e1s efectiva.<\/p>\n\n\n\n<p>Tambi\u00e9n nos ayudan a proporcionar auditor\u00edas, an\u00e1lisis e informes agregados, as\u00ed como a informarnos cuando usted ha visto el contenido.<\/p>\n\n\n\n<p>Algunas personas optan por no aceptar las cookies.&nbsp;Es por eso que la mayor\u00eda de los navegadores le permiten manejar las cookies de acuerdo con sus preferencias.<\/p>\n\n\n\n<p>Puede configurar reglas para manejarlos sitio por sitio en ciertos navegadores, lo que le brinda un control de privacidad m\u00e1s preciso.<\/p>\n\n\n\n<p>Esto significa que puede bloquear las cookies de todos los sitios excepto de aquellos en los que conf\u00eda.<\/p>\n\n\n\n<h3 class=\"wp-block-heading\" id=\"website-use\"><strong>Uso del sitio web<\/strong><\/h3>\n\n\n\n<p>Al usar nuestro sitio web, usted acepta usarlo \u00fanicamente para fines personales.<\/p>\n\n\n\n<p>No se le permite descargar, cambiar o alterar ninguna parte del sitio web para utilizarlo con fines comerciales, como la reventa o la publicidad.<\/p>\n\n\n\n<p>Una empresa privada es la \u00fanica propietaria de este sitio web privado.<\/p>\n\n\n\n<h3 class=\"wp-block-heading\" id=\"affiliate-programs\"><strong>Programas afiliados<\/strong><\/h3>\n\n\n\n<p>En este momento, no hay programas de afiliados disponibles.<\/p>\n\n\n\n<h3 class=\"wp-block-heading\" id=\"license-website-and-logo-design\"><strong>Dise\u00f1o de logotipo y sitio web de licencia<\/strong><\/h3>\n\n\n\n<p>Nosotros y los propietarios del contenido somos due\u00f1os de todo el material que se genera en este sitio web.<\/p>\n\n\n\n<p>Texto, gr\u00e1ficos, logotipos, \u00edconos de botones, fotograf\u00edas, compilaciones de datos y aplicaciones son ejemplos.<\/p>\n\n\n\n<p>Las leyes internacionales de derechos de autor y marcas registradas cubren todo el contenido.<\/p>\n\n\n\n<p>Las leyes del pa\u00eds en el que opera nuestra empresa proporcionan cobertura para nuestras compilaciones de materiales.<\/p>\n\n\n\n<p>El software utilizado en este sitio web es propiedad exclusiva del sitio web y est\u00e1 protegido por las leyes de derechos de autor locales e internacionales, as\u00ed como por los proveedores de software.<\/p>\n\n\n\n<h3 class=\"wp-block-heading\" id=\"legal-notice-and-disclaimer\"><strong>Aviso legal y descargo de responsabilidad<\/strong><\/h3>\n\n\n\n<p>Este sitio web no est\u00e1 asociado con el gobierno de RD&nbsp;<strong>,<\/strong>&nbsp;con ninguna otra agencia estatal de RD, o con www.&nbsp;eticket.migracion.gob.do.<\/p>\n\n\n\n<p>Este es un negocio privado.<\/p>\n\n\n\n<h3 class=\"wp-block-heading\" id=\"miscellaneous\"><strong>Miscel\u00e1neas<\/strong><\/h3>\n\n\n\n<p>Cada vez que visita este sitio, autom\u00e1ticamente acepta nuestros t\u00e9rminos y condiciones.<\/p>\n\n\n\n<p>Tenemos el derecho de enmendar o modificar estos t\u00e9rminos y condiciones, y cualquier cambio o modificaci\u00f3n entrar\u00e1 en vigencia de inmediato.<\/p>\n\n\n\n<p>Cualquier modificaci\u00f3n a los t\u00e9rminos y condiciones debe ser revisada por la persona que accede a este sitio.<\/p>\n\n\n\n<h3 class=\"wp-block-heading\" id=\"general-conditions\"><strong>Condiciones generales<\/strong><\/h3>\n\n\n\n<p>Usted reconoce que es mayor de edad en su pa\u00eds y estado al aceptar estos t\u00e9rminos y condiciones.<\/p>\n\n\n\n<p>Si no es mayor de edad, acepta usar nuestro sitio web con el permiso de su dependiente menor.<\/p>\n\n\n\n<p>El uso de nuestros servicios de forma ilegal o no autorizada que viole las leyes de su jurisdicci\u00f3n est\u00e1 estrictamente prohibido.<\/p>\n\n\n\n<p>Nos reservamos el derecho de rechazar el servicio siempre que consideremos que la informaci\u00f3n brindada durante el servicio es ileg\u00edtima o enga\u00f1osa.&nbsp;Dado que se trata de un delito grave, cualquier conducta delictiva dar\u00eda lugar a que finalicemos nuestra relaci\u00f3n con usted.<\/p>\n","protected":false},"excerpt":{"rendered":"<p>Est\u00e1 utilizando nuestro \u00abServicio\u00bb cada vez que visita nuestro sitio web o realiza una compra con nosotros, y acepta nuestros t\u00e9rminos y condiciones (\u00abT\u00e9rminos y condiciones\u00bb). Cualquiera que visite el sitio est\u00e1 autom\u00e1ticamente sujeto a los t\u00e9rminos y condiciones. Los clientes, compradores, navegadores, creadores de contenido y cualquier otra persona que use el sitio entran [&hellip;]<\/p>\n","protected":false},"author":1,"featured_media":0,"parent":0,"menu_order":0,"comment_status":"closed","ping_status":"closed","template":"","meta":{"footnotes":""},"_links":{"self":[{"href":"https:\/\/eticketdominicana.com\/es\/wp-json\/wp\/v2\/pages\/790"}],"collection":[{"href":"https:\/\/eticketdominicana.com\/es\/wp-json\/wp\/v2\/pages"}],"about":[{"href":"https:\/\/eticketdominicana.com\/es\/wp-json\/wp\/v2\/types\/page"}],"author":[{"embeddable":true,"href":"https:\/\/eticketdominicana.com\/es\/wp-json\/wp\/v2\/users\/1"}],"replies":[{"embeddable":true,"href":"https:\/\/eticketdominicana.com\/es\/wp-json\/wp\/v2\/comments?post=790"}],"version-history":[{"count":0,"href":"https:\/\/eticketdominicana.com\/es\/wp-json\/wp\/v2\/pages\/790\/revisions"}],"wp:attachment":[{"href":"https:\/\/eticketdominicana.com\/es\/wp-json\/wp\/v2\/media?parent=790"}],"curies":[{"name":"wp","href":"https:\/\/api.w.org\/{rel}","templated":true}]}}